{"id":143,"date":"2023-09-11T14:59:27","date_gmt":"2023-09-11T14:59:27","guid":{"rendered":"https:\/\/senior-test.net\/?page_id=143"},"modified":"2026-04-23T14:38:02","modified_gmt":"2026-04-23T14:38:02","slug":"contato","status":"publish","type":"page","link":"https:\/\/winepass.com.br\/thewinepassgroup\/contato\/","title":{"rendered":"Contato"},"content":{"rendered":"\t\t<div data-elementor-type=\"wp-page\" data-elementor-id=\"143\" class=\"elementor elementor-143\" data-elementor-post-type=\"page\">\n\t\t\t\t\t\t<section class=\"elementor-section elementor-top-section elementor-element elementor-element-9336254 elementor-section-boxed elementor-section-height-default elementor-section-height-default\" data-id=\"9336254\" data-element_type=\"section\" data-e-type=\"section\" data-settings=\"{&quot;background_background&quot;:&quot;classic&quot;}\">\n\t\t\t\t\t\t<div class=\"elementor-container elementor-column-gap-default\">\n\t\t\t\t\t<div class=\"elementor-column elementor-col-100 elementor-top-column elementor-element elementor-element-d3d4a7c\" data-id=\"d3d4a7c\" data-element_type=\"column\" data-e-type=\"column\">\n\t\t\t<div class=\"elementor-widget-wrap elementor-element-populated\">\n\t\t\t\t\t\t<div class=\"elementor-element elementor-element-0aa8d82 elementor-widget elementor-widget-heading\" data-id=\"0aa8d82\" data-element_type=\"widget\" data-e-type=\"widget\" data-widget_type=\"heading.default\">\n\t\t\t\t<div class=\"elementor-widget-container\">\n\t\t\t\t\t<h2 class=\"elementor-heading-title elementor-size-default\">CONTATO<\/h2>\t\t\t\t<\/div>\n\t\t\t\t<\/div>\n\t\t\t\t<div class=\"elementor-element elementor-element-099bfe0 elementor-align-center elementor-widget elementor-widget-button\" data-id=\"099bfe0\" data-element_type=\"widget\" data-e-type=\"widget\" data-widget_type=\"button.default\">\n\t\t\t\t<div class=\"elementor-widget-container\">\n\t\t\t\t\t\t\t\t\t<div class=\"elementor-button-wrapper\">\n\t\t\t\t\t<a class=\"elementor-button elementor-button-link elementor-size-sm\" href=\"#\">\n\t\t\t\t\t\t<span class=\"elementor-button-content-wrapper\">\n\t\t\t\t\t\t\t\t\t<span class=\"elementor-button-text\">ACESSE NOSSOS CANAIS DE CONTATO E FALE CONOSCO.<\/span>\n\t\t\t\t\t<\/span>\n\t\t\t\t\t<\/a>\n\t\t\t\t<\/div>\n\t\t\t\t\t\t\t\t<\/div>\n\t\t\t\t<\/div>\n\t\t\t\t\t<\/div>\n\t\t<\/div>\n\t\t\t\t\t<\/div>\n\t\t<\/section>\n\t\t\t\t<section class=\"elementor-section elementor-top-section elementor-element elementor-element-8115589 elementor-section-boxed elementor-section-height-default elementor-section-height-default\" data-id=\"8115589\" data-element_type=\"section\" data-e-type=\"section\" data-settings=\"{&quot;background_background&quot;:&quot;classic&quot;}\">\n\t\t\t\t\t\t<div class=\"elementor-container elementor-column-gap-default\">\n\t\t\t\t\t<div class=\"elementor-column elementor-col-100 elementor-top-column elementor-element elementor-element-dbc06ef\" data-id=\"dbc06ef\" data-element_type=\"column\" data-e-type=\"column\">\n\t\t\t<div class=\"elementor-widget-wrap elementor-element-populated\">\n\t\t\t\t\t\t<div class=\"elementor-element elementor-element-56806e7 elementor-widget elementor-widget-heading\" data-id=\"56806e7\" data-element_type=\"widget\" data-e-type=\"widget\" data-widget_type=\"heading.default\">\n\t\t\t\t<div class=\"elementor-widget-container\">\n\t\t\t\t\t<h2 class=\"elementor-heading-title elementor-size-default\">Envie sua d\u00favida<br \/> e fale conosco<\/h2>\t\t\t\t<\/div>\n\t\t\t\t<\/div>\n\t\t\t\t<div class=\"elementor-element elementor-element-69a2e3b elementor-widget elementor-widget-image\" data-id=\"69a2e3b\" data-element_type=\"widget\" data-e-type=\"widget\" data-widget_type=\"image.default\">\n\t\t\t\t<div class=\"elementor-widget-container\">\n\t\t\t\t\t\t\t\t\t\t\t\t\t\t\t<img fetchpriority=\"high\" decoding=\"async\" width=\"750\" height=\"422\" src=\"https:\/\/winepass.com.br\/thewinepassgroup\/wp-content\/uploads\/2025\/11\/email-atualizado--1024x576.png\" class=\"attachment-large size-large wp-image-4305\" alt=\"\" srcset=\"https:\/\/winepass.com.br\/thewinepassgroup\/wp-content\/uploads\/2025\/11\/email-atualizado--1024x576.png 1024w, https:\/\/winepass.com.br\/thewinepassgroup\/wp-content\/uploads\/2025\/11\/email-atualizado--300x169.png 300w, https:\/\/winepass.com.br\/thewinepassgroup\/wp-content\/uploads\/2025\/11\/email-atualizado--768x432.png 768w, https:\/\/winepass.com.br\/thewinepassgroup\/wp-content\/uploads\/2025\/11\/email-atualizado-.png 1366w\" sizes=\"(max-width: 750px) 100vw, 750px\" style=\"width:100%;height:56.22%;max-width:1366px\" \/>\t\t\t\t\t\t\t\t\t\t\t\t\t\t\t<\/div>\n\t\t\t\t<\/div>\n\t\t\t\t<div class=\"elementor-element elementor-element-6765825 elementor-widget elementor-widget-wpforms\" data-id=\"6765825\" data-element_type=\"widget\" data-e-type=\"widget\" data-widget_type=\"wpforms.default\">\n\t\t\t\t<div class=\"elementor-widget-container\">\n\t\t\t\t\t<div class=\"wpforms-container wpforms-container-full wpforms-render-modern\" id=\"wpforms-152\"><form id=\"wpforms-form-152\" class=\"wpforms-validate wpforms-form wpforms-ajax-form\" data-formid=\"152\" method=\"post\" enctype=\"multipart\/form-data\" action=\"\/thewinepassgroup\/wp-json\/wp\/v2\/pages\/143\" data-token=\"04098880956571d158921b004c3132e5\" data-token-time=\"1776959553\"><noscript class=\"wpforms-error-noscript\">Ative o JavaScript no seu navegador para preencher este formul\u00e1rio.<\/noscript><div id=\"wpforms-error-noscript\" style=\"display: none;\">Ative o JavaScript no seu navegador para preencher este formul\u00e1rio.<\/div><div class=\"wpforms-field-container\"><div id=\"wpforms-152-field_0-container\" class=\"wpforms-field wpforms-field-name\" data-field-id=\"0\"><fieldset><legend class=\"wpforms-field-label wpforms-label-hide\" aria-hidden=\"false\">Nome <span class=\"wpforms-required-label\" aria-hidden=\"true\">*<\/span><\/legend><div class=\"wpforms-field-row wpforms-field-medium\"><div class=\"wpforms-field-row-block wpforms-first wpforms-one-half\"><input type=\"text\" id=\"wpforms-152-field_0\" class=\"wpforms-field-name-first wpforms-field-required\" name=\"wpforms[fields][0][first]\" placeholder=\"Nome:\" aria-errormessage=\"wpforms-152-field_0-error\" required><label for=\"wpforms-152-field_0\" class=\"wpforms-field-sublabel after wpforms-sublabel-hide\">Nome<\/label><\/div><div class=\"wpforms-field-row-block wpforms-one-half\"><input type=\"text\" id=\"wpforms-152-field_0-last\" class=\"wpforms-field-name-last wpforms-field-required\" name=\"wpforms[fields][0][last]\" placeholder=\"Sobrenome:\" aria-errormessage=\"wpforms-152-field_0-last-error\" required><label for=\"wpforms-152-field_0-last\" class=\"wpforms-field-sublabel after wpforms-sublabel-hide\">Sobrenome<\/label><\/div><\/div><\/fieldset><\/div><div id=\"wpforms-152-field_1-container\" class=\"wpforms-field wpforms-field-email\" data-field-id=\"1\"><label class=\"wpforms-field-label wpforms-label-hide\" for=\"wpforms-152-field_1\" aria-hidden=\"false\">E-mail: <span class=\"wpforms-required-label\" aria-hidden=\"true\">*<\/span><\/label><input type=\"email\" id=\"wpforms-152-field_1\" class=\"wpforms-field-medium wpforms-field-required\" name=\"wpforms[fields][1]\" placeholder=\"E-mail:\" spellcheck=\"false\" aria-errormessage=\"wpforms-152-field_1-error\" required><\/div><div id=\"wpforms-152-field_3-container\" class=\"wpforms-field wpforms-field-text\" data-field-id=\"3\"><label class=\"wpforms-field-label wpforms-label-hide\" for=\"wpforms-152-field_3\" aria-hidden=\"false\">Telefone:<\/label><input type=\"text\" id=\"wpforms-152-field_3\" class=\"wpforms-field-medium\" name=\"wpforms[fields][3]\" placeholder=\"Telefone:\" aria-errormessage=\"wpforms-152-field_3-error\" ><\/div><div id=\"wpforms-152-field_2-container\" class=\"wpforms-field wpforms-field-textarea\" data-field-id=\"2\"><label class=\"wpforms-field-label wpforms-label-hide\" for=\"wpforms-152-field_2\" aria-hidden=\"false\">Mensagem:<\/label><textarea id=\"wpforms-152-field_2\" class=\"wpforms-field-medium\" name=\"wpforms[fields][2]\" placeholder=\"Mensagem:\" aria-errormessage=\"wpforms-152-field_2-error\" ><\/textarea><\/div><\/div><!-- .wpforms-field-container --><div class=\"wpforms-submit-container\" ><input type=\"hidden\" name=\"wpforms[id]\" value=\"152\"><input type=\"hidden\" name=\"page_title\" value=\"\"><input type=\"hidden\" name=\"page_url\" value=\"https:\/\/winepass.com.br\/thewinepassgroup\/wp-json\/wp\/v2\/pages\/143\"><input type=\"hidden\" name=\"url_referer\" value=\"\"><button type=\"submit\" name=\"wpforms[submit]\" id=\"wpforms-submit-152\" class=\"wpforms-submit\" data-alt-text=\"Enviando\u2026\" data-submit-text=\"Enviar\" aria-live=\"assertive\" value=\"wpforms-submit\">Enviar<\/button><img decoding=\"async\" src=\"https:\/\/winepass.com.br\/thewinepassgroup\/wp-content\/plugins\/wpforms-lite\/assets\/images\/submit-spin.svg\" class=\"wpforms-submit-spinner\" style=\"display: none;\" width=\"26\" height=\"26\" alt=\"Carregando\"><\/div><\/form><\/div>  <!-- .wpforms-container -->\t\t\t\t<\/div>\n\t\t\t\t<\/div>\n\t\t\t\t\t<\/div>\n\t\t<\/div>\n\t\t\t\t\t<\/div>\n\t\t<\/section>\n\t\t\t\t<\/div>\n\t\t","protected":false},"excerpt":{"rendered":"<p>CONTATO ACESSE NOSSOS CANAIS DE CONTATO E FALE CONOSCO. Envie sua d\u00favida e fale conosco Ative o JavaScript no seu navegador para preencher este formul\u00e1rio.Ative o JavaScript no seu navegador para preencher este formul\u00e1rio. Nome * NomeSobrenome E-mail: *Telefone:Mensagem: Enviar<\/p>\n","protected":false},"author":1,"featured_media":0,"parent":0,"menu_order":0,"comment_status":"closed","ping_status":"closed","template":"elementor_canvas","meta":{"footnotes":""},"class_list":["post-143","page","type-page","status-publish","hentry","entry"],"yoast_head":"<!-- This site is optimized with the Yoast SEO plugin v27.4 - https:\/\/yoast.com\/product\/yoast-seo-wordpress\/ -->\n<title>Contato - WinePass - Conectando Vinhos &amp; Vidas<\/title>\n<meta name=\"description\" content=\"Fale conosco atrav\u00e9s dos nossos contatos: e-mail financeiro@clubewinepass.com.br ou o telefone (11) 96486-1020.\" \/>\n<meta name=\"robots\" content=\"index, follow, max-snippet:-1, max-image-preview:large, max-video-preview:-1\" \/>\n<link rel=\"canonical\" href=\"https:\/\/winepass.com.br\/thewinepassgroup\/contato\/\" \/>\n<meta property=\"og:locale\" content=\"pt_BR\" \/>\n<meta property=\"og:type\" content=\"article\" \/>\n<meta property=\"og:title\" content=\"Contato - WinePass - Conectando Vinhos &amp; Vidas\" \/>\n<meta property=\"og:description\" content=\"Fale conosco atrav\u00e9s dos nossos contatos: e-mail financeiro@clubewinepass.com.br ou o telefone (11) 96486-1020.\" \/>\n<meta property=\"og:url\" content=\"https:\/\/winepass.com.br\/thewinepassgroup\/contato\/\" \/>\n<meta property=\"og:site_name\" content=\"WinePass - Conectando Vinhos &amp; Vidas\" \/>\n<meta property=\"article:modified_time\" content=\"2026-04-23T14:38:02+00:00\" \/>\n<meta property=\"og:image\" content=\"https:\/\/winepass.com.br\/thewinepassgroup\/wp-content\/uploads\/2025\/11\/email-atualizado-.png\" \/>\n\t<meta property=\"og:image:width\" content=\"1366\" \/>\n\t<meta property=\"og:image:height\" content=\"768\" \/>\n\t<meta property=\"og:image:type\" content=\"image\/png\" \/>\n<meta name=\"twitter:card\" content=\"summary_large_image\" \/>\n<meta name=\"twitter:label1\" content=\"Est. tempo de leitura\" \/>\n\t<meta name=\"twitter:data1\" content=\"1 minuto\" \/>\n<script type=\"application\/ld+json\" class=\"yoast-schema-graph\">{\"@context\":\"https:\\\/\\\/schema.org\",\"@graph\":[{\"@type\":\"WebPage\",\"@id\":\"https:\\\/\\\/winepass.com.br\\\/thewinepassgroup\\\/contato\\\/\",\"url\":\"https:\\\/\\\/winepass.com.br\\\/thewinepassgroup\\\/contato\\\/\",\"name\":\"Contato - WinePass - Conectando Vinhos &amp; Vidas\",\"isPartOf\":{\"@id\":\"https:\\\/\\\/winepass.com.br\\\/thewinepassgroup\\\/#website\"},\"primaryImageOfPage\":{\"@id\":\"https:\\\/\\\/winepass.com.br\\\/thewinepassgroup\\\/contato\\\/#primaryimage\"},\"image\":{\"@id\":\"https:\\\/\\\/winepass.com.br\\\/thewinepassgroup\\\/contato\\\/#primaryimage\"},\"thumbnailUrl\":\"https:\\\/\\\/winepass.com.br\\\/thewinepassgroup\\\/wp-content\\\/uploads\\\/2025\\\/11\\\/email-atualizado--1024x576.png\",\"datePublished\":\"2023-09-11T14:59:27+00:00\",\"dateModified\":\"2026-04-23T14:38:02+00:00\",\"description\":\"Fale conosco atrav\u00e9s dos nossos contatos: e-mail financeiro@clubewinepass.com.br ou o telefone (11) 96486-1020.\",\"breadcrumb\":{\"@id\":\"https:\\\/\\\/winepass.com.br\\\/thewinepassgroup\\\/contato\\\/#breadcrumb\"},\"inLanguage\":\"pt-BR\",\"potentialAction\":[{\"@type\":\"ReadAction\",\"target\":[\"https:\\\/\\\/winepass.com.br\\\/thewinepassgroup\\\/contato\\\/\"]}]},{\"@type\":\"ImageObject\",\"inLanguage\":\"pt-BR\",\"@id\":\"https:\\\/\\\/winepass.com.br\\\/thewinepassgroup\\\/contato\\\/#primaryimage\",\"url\":\"https:\\\/\\\/winepass.com.br\\\/thewinepassgroup\\\/wp-content\\\/uploads\\\/2025\\\/11\\\/email-atualizado-.png\",\"contentUrl\":\"https:\\\/\\\/winepass.com.br\\\/thewinepassgroup\\\/wp-content\\\/uploads\\\/2025\\\/11\\\/email-atualizado-.png\",\"width\":1366,\"height\":768},{\"@type\":\"BreadcrumbList\",\"@id\":\"https:\\\/\\\/winepass.com.br\\\/thewinepassgroup\\\/contato\\\/#breadcrumb\",\"itemListElement\":[{\"@type\":\"ListItem\",\"position\":1,\"name\":\"In\u00edcio\",\"item\":\"https:\\\/\\\/winepass.com.br\\\/thewinepassgroup\\\/\"},{\"@type\":\"ListItem\",\"position\":2,\"name\":\"Contato\"}]},{\"@type\":\"WebSite\",\"@id\":\"https:\\\/\\\/winepass.com.br\\\/thewinepassgroup\\\/#website\",\"url\":\"https:\\\/\\\/winepass.com.br\\\/thewinepassgroup\\\/\",\"name\":\"WinePass - Conectando Vinhos &amp; Vidas\",\"description\":\"\",\"publisher\":{\"@id\":\"https:\\\/\\\/winepass.com.br\\\/thewinepassgroup\\\/#organization\"},\"potentialAction\":[{\"@type\":\"SearchAction\",\"target\":{\"@type\":\"EntryPoint\",\"urlTemplate\":\"https:\\\/\\\/winepass.com.br\\\/thewinepassgroup\\\/?s={search_term_string}\"},\"query-input\":{\"@type\":\"PropertyValueSpecification\",\"valueRequired\":true,\"valueName\":\"search_term_string\"}}],\"inLanguage\":\"pt-BR\"},{\"@type\":\"Organization\",\"@id\":\"https:\\\/\\\/winepass.com.br\\\/thewinepassgroup\\\/#organization\",\"name\":\"WinePass - Conectando Vinhos &amp; Vidas\",\"url\":\"https:\\\/\\\/winepass.com.br\\\/thewinepassgroup\\\/\",\"logo\":{\"@type\":\"ImageObject\",\"inLanguage\":\"pt-BR\",\"@id\":\"https:\\\/\\\/winepass.com.br\\\/thewinepassgroup\\\/#\\\/schema\\\/logo\\\/image\\\/\",\"url\":\"https:\\\/\\\/winepass.com.br\\\/thewinepassgroup\\\/wp-content\\\/uploads\\\/2023\\\/08\\\/Camada-1.webp\",\"contentUrl\":\"https:\\\/\\\/winepass.com.br\\\/thewinepassgroup\\\/wp-content\\\/uploads\\\/2023\\\/08\\\/Camada-1.webp\",\"width\":543,\"height\":164,\"caption\":\"WinePass - Conectando Vinhos &amp; Vidas\"},\"image\":{\"@id\":\"https:\\\/\\\/winepass.com.br\\\/thewinepassgroup\\\/#\\\/schema\\\/logo\\\/image\\\/\"}}]}<\/script>\n<!-- \/ Yoast SEO plugin. -->","yoast_head_json":{"title":"Contato - WinePass - Conectando Vinhos &amp; Vidas","description":"Fale conosco atrav\u00e9s dos nossos contatos: e-mail financeiro@clubewinepass.com.br ou o telefone (11) 96486-1020.","robots":{"index":"index","follow":"follow","max-snippet":"max-snippet:-1","max-image-preview":"max-image-preview:large","max-video-preview":"max-video-preview:-1"},"canonical":"https:\/\/winepass.com.br\/thewinepassgroup\/contato\/","og_locale":"pt_BR","og_type":"article","og_title":"Contato - WinePass - Conectando Vinhos &amp; Vidas","og_description":"Fale conosco atrav\u00e9s dos nossos contatos: e-mail financeiro@clubewinepass.com.br ou o telefone (11) 96486-1020.","og_url":"https:\/\/winepass.com.br\/thewinepassgroup\/contato\/","og_site_name":"WinePass - Conectando Vinhos &amp; Vidas","article_modified_time":"2026-04-23T14:38:02+00:00","og_image":[{"width":1366,"height":768,"url":"https:\/\/winepass.com.br\/thewinepassgroup\/wp-content\/uploads\/2025\/11\/email-atualizado-.png","type":"image\/png"}],"twitter_card":"summary_large_image","twitter_misc":{"Est. tempo de leitura":"1 minuto"},"schema":{"@context":"https:\/\/schema.org","@graph":[{"@type":"WebPage","@id":"https:\/\/winepass.com.br\/thewinepassgroup\/contato\/","url":"https:\/\/winepass.com.br\/thewinepassgroup\/contato\/","name":"Contato - WinePass - Conectando Vinhos &amp; Vidas","isPartOf":{"@id":"https:\/\/winepass.com.br\/thewinepassgroup\/#website"},"primaryImageOfPage":{"@id":"https:\/\/winepass.com.br\/thewinepassgroup\/contato\/#primaryimage"},"image":{"@id":"https:\/\/winepass.com.br\/thewinepassgroup\/contato\/#primaryimage"},"thumbnailUrl":"https:\/\/winepass.com.br\/thewinepassgroup\/wp-content\/uploads\/2025\/11\/email-atualizado--1024x576.png","datePublished":"2023-09-11T14:59:27+00:00","dateModified":"2026-04-23T14:38:02+00:00","description":"Fale conosco atrav\u00e9s dos nossos contatos: e-mail financeiro@clubewinepass.com.br ou o telefone (11) 96486-1020.","breadcrumb":{"@id":"https:\/\/winepass.com.br\/thewinepassgroup\/contato\/#breadcrumb"},"inLanguage":"pt-BR","potentialAction":[{"@type":"ReadAction","target":["https:\/\/winepass.com.br\/thewinepassgroup\/contato\/"]}]},{"@type":"ImageObject","inLanguage":"pt-BR","@id":"https:\/\/winepass.com.br\/thewinepassgroup\/contato\/#primaryimage","url":"https:\/\/winepass.com.br\/thewinepassgroup\/wp-content\/uploads\/2025\/11\/email-atualizado-.png","contentUrl":"https:\/\/winepass.com.br\/thewinepassgroup\/wp-content\/uploads\/2025\/11\/email-atualizado-.png","width":1366,"height":768},{"@type":"BreadcrumbList","@id":"https:\/\/winepass.com.br\/thewinepassgroup\/contato\/#breadcrumb","itemListElement":[{"@type":"ListItem","position":1,"name":"In\u00edcio","item":"https:\/\/winepass.com.br\/thewinepassgroup\/"},{"@type":"ListItem","position":2,"name":"Contato"}]},{"@type":"WebSite","@id":"https:\/\/winepass.com.br\/thewinepassgroup\/#website","url":"https:\/\/winepass.com.br\/thewinepassgroup\/","name":"WinePass - Conectando Vinhos &amp; Vidas","description":"","publisher":{"@id":"https:\/\/winepass.com.br\/thewinepassgroup\/#organization"},"potentialAction":[{"@type":"SearchAction","target":{"@type":"EntryPoint","urlTemplate":"https:\/\/winepass.com.br\/thewinepassgroup\/?s={search_term_string}"},"query-input":{"@type":"PropertyValueSpecification","valueRequired":true,"valueName":"search_term_string"}}],"inLanguage":"pt-BR"},{"@type":"Organization","@id":"https:\/\/winepass.com.br\/thewinepassgroup\/#organization","name":"WinePass - Conectando Vinhos &amp; Vidas","url":"https:\/\/winepass.com.br\/thewinepassgroup\/","logo":{"@type":"ImageObject","inLanguage":"pt-BR","@id":"https:\/\/winepass.com.br\/thewinepassgroup\/#\/schema\/logo\/image\/","url":"https:\/\/winepass.com.br\/thewinepassgroup\/wp-content\/uploads\/2023\/08\/Camada-1.webp","contentUrl":"https:\/\/winepass.com.br\/thewinepassgroup\/wp-content\/uploads\/2023\/08\/Camada-1.webp","width":543,"height":164,"caption":"WinePass - Conectando Vinhos &amp; Vidas"},"image":{"@id":"https:\/\/winepass.com.br\/thewinepassgroup\/#\/schema\/logo\/image\/"}}]}},"_links":{"self":[{"href":"https:\/\/winepass.com.br\/thewinepassgroup\/wp-json\/wp\/v2\/pages\/143","targetHints":{"allow":["GET"]}}],"collection":[{"href":"https:\/\/winepass.com.br\/thewinepassgroup\/wp-json\/wp\/v2\/pages"}],"about":[{"href":"https:\/\/winepass.com.br\/thewinepassgroup\/wp-json\/wp\/v2\/types\/page"}],"author":[{"embeddable":true,"href":"https:\/\/winepass.com.br\/thewinepassgroup\/wp-json\/wp\/v2\/users\/1"}],"replies":[{"embeddable":true,"href":"https:\/\/winepass.com.br\/thewinepassgroup\/wp-json\/wp\/v2\/comments?post=143"}],"version-history":[{"count":29,"href":"https:\/\/winepass.com.br\/thewinepassgroup\/wp-json\/wp\/v2\/pages\/143\/revisions"}],"predecessor-version":[{"id":4757,"href":"https:\/\/winepass.com.br\/thewinepassgroup\/wp-json\/wp\/v2\/pages\/143\/revisions\/4757"}],"wp:attachment":[{"href":"https:\/\/winepass.com.br\/thewinepassgroup\/wp-json\/wp\/v2\/media?parent=143"}],"curies":[{"name":"wp","href":"https:\/\/api.w.org\/{rel}","templated":true}]}}